{"id":43,"date":"2024-04-01T18:23:53","date_gmt":"2024-04-01T17:23:53","guid":{"rendered":"https:\/\/www.xn--getrnke-garage-8hb.ch\/?page_id=43"},"modified":"2025-10-26T22:57:15","modified_gmt":"2025-10-26T21:57:15","slug":"ueber-uns","status":"publish","type":"page","link":"https:\/\/www.xn--getrnke-garage-8hb.ch\/?page_id=43","title":{"rendered":"About"},"content":{"rendered":"\n<div class=\"wp-block-cover alignfull is-light\" style=\"min-height:150px;aspect-ratio:unset;\"><span aria-hidden=\"true\" class=\"wp-block-cover__background has-nv-site-bg-background-color has-background-dim-100 has-background-dim\"><\/span><div class=\"wp-block-cover__inner-container is-layout-flow wp-block-cover-is-layout-flow\">\n<div class=\"wp-block-group\"><div class=\"wp-block-group__inner-container is-layout-flow wp-block-group-is-layout-flow\">\n<h1 class=\"wp-block-heading has-text-align-left has-neve-text-color-color has-text-color\">Einblicke ins Team<\/h1>\n\n\n\n<p class=\"has-neve-text-color-color has-text-color\" style=\"font-size:22px\">Wir stellen uns vor&nbsp;<\/p>\n<\/div><\/div>\n<\/div><\/div>\n\n\n\n<div class=\"wp-block-cover alignfull is-light\" style=\"min-height:600px;aspect-ratio:unset;\"><span aria-hidden=\"true\" class=\"wp-block-cover__background has-nv-light-bg-background-color has-background-dim-100 has-background-dim\"><\/span><div class=\"wp-block-cover__inner-container is-layout-flow wp-block-cover-is-layout-flow\">\n<div class=\"wp-block-group\"><div class=\"wp-block-group__inner-container is-layout-flow wp-block-group-is-layout-flow\">\n<div class=\"wp-block-columns are-vertically-aligned-center is-layout-flex wp-container-core-columns-is-layout-9d6595d7 wp-block-columns-is-layout-flex\">\n<div class=\"wp-block-column is-vertically-aligned-center is-layout-flow wp-block-column-is-layout-flow\" style=\"flex-basis:50%\">\n<figure class=\"wp-block-image size-full size-large\"><img loading=\"lazy\" decoding=\"async\" width=\"512\" height=\"512\" src=\"https:\/\/www.xn--getrnke-garage-8hb.ch\/wp-content\/uploads\/2024\/05\/Geschichte-Oldtimer-Brauerei-und-Wein.jpg\" alt=\"\" class=\"wp-image-144\" srcset=\"https:\/\/www.xn--getrnke-garage-8hb.ch\/wp-content\/uploads\/2024\/05\/Geschichte-Oldtimer-Brauerei-und-Wein.jpg 512w, https:\/\/www.xn--getrnke-garage-8hb.ch\/wp-content\/uploads\/2024\/05\/Geschichte-Oldtimer-Brauerei-und-Wein-300x300.jpg 300w, https:\/\/www.xn--getrnke-garage-8hb.ch\/wp-content\/uploads\/2024\/05\/Geschichte-Oldtimer-Brauerei-und-Wein-150x150.jpg 150w\" sizes=\"auto, (max-width: 512px) 100vw, 512px\" \/><\/figure>\n<\/div>\n\n\n\n<div class=\"wp-block-column is-vertically-aligned-center is-layout-flow wp-block-column-is-layout-flow\" style=\"flex-basis:50%\">\n<h2 class=\"wp-block-heading has-neve-text-color-color has-text-color\">Unsere Geschichte<\/h2>\n\n\n\n<p class=\"has-neve-text-color-color has-text-color has-medium-font-size\">Das gemeinsame Hobby, Bierbrauen oder die Passion f\u00fcr Oldtimer, das Weinlager im Mittelgeschoss, die Freude ein Fest zu organisieren oder doch eher das Feiern?<\/p>\n\n\n\n<p class=\"has-neve-text-color-color has-text-color\">So ganz klar ist es nicht, doch mit der Getr\u00e4nke Garage vereinen wir genau diese Werte um unseren Alltag ein bisschen bunter und abwechslungsreicher zu gestalten. Genau diese Leidenschaft und Freude wollen wir mit euch allen teilen.<\/p>\n<\/div>\n<\/div>\n\n\n\n<div style=\"height:40px\" aria-hidden=\"true\" class=\"wp-block-spacer\"><\/div>\n<\/div><\/div>\n<\/div><\/div>\n\n\n\n<div class=\"wp-block-cover alignfull is-light\" style=\"min-height:600px;aspect-ratio:unset;\"><span aria-hidden=\"true\" class=\"wp-block-cover__background has-nv-dark-bg-background-color has-background-dim-100 has-background-dim\"><\/span><div class=\"wp-block-cover__inner-container is-layout-flow wp-block-cover-is-layout-flow\">\n<div class=\"wp-block-group\"><div class=\"wp-block-group__inner-container is-layout-flow wp-block-group-is-layout-flow\">\n<div style=\"height:80px\" aria-hidden=\"true\" class=\"wp-block-spacer\"><\/div>\n\n\n\n<div class=\"wp-block-columns are-vertically-aligned-center is-layout-flex wp-container-core-columns-is-layout-9d6595d7 wp-block-columns-is-layout-flex\">\n<div class=\"wp-block-column is-vertically-aligned-center is-layout-flow wp-block-column-is-layout-flow\" style=\"flex-basis:50%\">\n<h2 class=\"wp-block-heading has-nv-text-dark-bg-color has-text-color\">Getrieben von der Passion<\/h2>\n\n\n\n<p class=\"has-nv-text-dark-bg-color has-text-color\">Was wir anbieten, das lieben wir. Alles was wir tun, da steckt 100% \u00dcberzeugung drin. Wenn wir dir etwas anbieten, dann w\u00fcrden wir das selber genau so kaufen. Wir machen es so, weil wir voll davon \u00fcberzeugt sind.<\/p>\n\n\n\n<div style=\"height:20px\" aria-hidden=\"true\" class=\"wp-block-spacer\"><\/div>\n\n\n\n<div class=\"wp-block-buttons is-layout-flex wp-block-buttons-is-layout-flex\">\n<div class=\"wp-block-button is-style-primary\"><a class=\"wp-block-button__link wp-element-button\" href=\"https:\/\/www.xn--getrnke-garage-8hb.ch\/?page_id=44\">LASS UNS SPRECHEN<\/a><\/div>\n<\/div>\n\n\n\n<div style=\"height:20px\" aria-hidden=\"true\" class=\"wp-block-spacer\"><\/div>\n<\/div>\n\n\n\n<div class=\"wp-block-column is-vertically-aligned-center is-layout-flow wp-block-column-is-layout-flow\" style=\"flex-basis:50%\">\n<figure class=\"wp-block-image size-full\"><img loading=\"lazy\" decoding=\"async\" width=\"512\" height=\"512\" src=\"https:\/\/www.xn--getrnke-garage-8hb.ch\/wp-content\/uploads\/2024\/05\/Passion-Brauerei-2.jpeg\" alt=\"\" class=\"wp-image-146\" srcset=\"https:\/\/www.xn--getrnke-garage-8hb.ch\/wp-content\/uploads\/2024\/05\/Passion-Brauerei-2.jpeg 512w, https:\/\/www.xn--getrnke-garage-8hb.ch\/wp-content\/uploads\/2024\/05\/Passion-Brauerei-2-300x300.jpeg 300w, https:\/\/www.xn--getrnke-garage-8hb.ch\/wp-content\/uploads\/2024\/05\/Passion-Brauerei-2-150x150.jpeg 150w\" sizes=\"auto, (max-width: 512px) 100vw, 512px\" \/><\/figure>\n<\/div>\n<\/div>\n\n\n\n<div style=\"height:40px\" aria-hidden=\"true\" class=\"wp-block-spacer\"><\/div>\n<\/div><\/div>\n<\/div><\/div>\n\n\n\n<div class=\"wp-block-cover alignfull is-light\" style=\"min-height:420px;aspect-ratio:unset;\"><span aria-hidden=\"true\" class=\"wp-block-cover__background has-nv-site-bg-background-color has-background-dim-100 has-background-dim\"><\/span><div class=\"wp-block-cover__inner-container is-layout-flow wp-block-cover-is-layout-flow\">\n<div style=\"height:80px\" aria-hidden=\"true\" class=\"wp-block-spacer\"><\/div>\n\n\n\n<div class=\"wp-block-columns is-layout-flex wp-container-core-columns-is-layout-9d6595d7 wp-block-columns-is-layout-flex\">\n<div class=\"wp-block-column ticss-4ce656f1 is-layout-flow wp-block-column-is-layout-flow\">\n<figure class=\"wp-block-image size-large is-resized icon-style is-style-rounded\"><img decoding=\"async\" src=\"https:\/\/www.xn--getrnke-garage-8hb.ch\/wp-content\/uploads\/2024\/05\/Haken.png\" alt=\"\" style=\"width:60px\"\/><\/figure>\n\n\n\n<div style=\"height:24px\" aria-hidden=\"true\" class=\"wp-block-spacer\"><\/div>\n\n\n\n<h3 class=\"wp-block-heading has-text-align-left has-text-align-center has-neve-text-color-color has-text-color\">Super Effizient<\/h3>\n\n\n\n<p class=\"has-text-align-left has-neve-text-color-color has-text-color\" style=\"font-size:15px\">Da die Getr\u00e4nke Garage nur unsere Nebenarbeit ist, erledigen wir alles super effizient. Egal ob f\u00fcr uns intern oder f\u00fcr dich als Kunde.<\/p>\n\n\n\n<div style=\"height:20px\" aria-hidden=\"true\" class=\"wp-block-spacer\"><\/div>\n<\/div>\n\n\n\n<div class=\"wp-block-column ticss-f6fc7494 is-layout-flow wp-block-column-is-layout-flow\">\n<figure class=\"wp-block-image size-full is-resized has-custom-border icon-style is-style-rounded wp-duotone-unset-1\"><img loading=\"lazy\" decoding=\"async\" width=\"100\" height=\"100\" src=\"https:\/\/www.xn--getrnke-garage-8hb.ch\/wp-content\/uploads\/2024\/05\/Blitz.png\" alt=\"\" class=\"wp-image-151\" style=\"border-style:none;border-width:0px;border-radius:0px;width:60px\"\/><\/figure>\n\n\n\n<div style=\"height:24px\" aria-hidden=\"true\" class=\"wp-block-spacer\"><\/div>\n\n\n\n<h3 class=\"wp-block-heading has-text-align-left has-text-align-center has-neve-text-color-color has-text-color\">Extrem spontan<\/h3>\n\n\n\n<p class=\"has-text-align-left has-neve-text-color-color has-text-color\" style=\"font-size:15px\">H\u00e4ufig kennen wir unseren Tages- oder Wochenendablauf nicht. Deshalb sind wir extrem spontan und k\u00f6nnen so auf deine W\u00fcnsche perfekt reagieren.<\/p>\n\n\n\n<div style=\"height:20px\" aria-hidden=\"true\" class=\"wp-block-spacer\"><\/div>\n<\/div>\n\n\n\n<div class=\"wp-block-column ticss-a5b4df29 is-layout-flow wp-block-column-is-layout-flow\">\n<figure class=\"wp-block-image size-full is-resized icon-style is-style-rounded\"><img loading=\"lazy\" decoding=\"async\" width=\"100\" height=\"100\" src=\"https:\/\/www.xn--getrnke-garage-8hb.ch\/wp-content\/uploads\/2024\/05\/Diamant.png\" alt=\"\" class=\"wp-image-152\" style=\"width:60px\"\/><\/figure>\n\n\n\n<div style=\"height:24px\" aria-hidden=\"true\" class=\"wp-block-spacer\"><\/div>\n\n\n\n<h3 class=\"wp-block-heading has-text-align-left has-text-align-center has-neve-text-color-color has-text-color\">Leicht chaotisch<\/h3>\n\n\n\n<p class=\"has-text-align-left has-neve-text-color-color has-text-color\" style=\"font-size:15px\">Bei uns geht es manchmal leicht chaotisch zu und her. Deshalb k\u00f6nnen wir auch super so auf alle Situationen reagieren. <\/p>\n\n\n\n<div style=\"height:20px\" aria-hidden=\"true\" class=\"wp-block-spacer\"><\/div>\n<\/div>\n<\/div>\n\n\n\n<div style=\"height:30px\" aria-hidden=\"true\" class=\"wp-block-spacer\"><\/div>\n<\/div><\/div>\n\n\n\n<div class=\"wp-block-cover alignfull is-light\" style=\"min-height:735px;aspect-ratio:unset;\"><span aria-hidden=\"true\" class=\"wp-block-cover__background has-nv-dark-bg-background-color has-background-dim-100 has-background-dim\"><\/span><div class=\"wp-block-cover__inner-container is-layout-flow wp-block-cover-is-layout-flow\">\n<div class=\"wp-block-group\"><div class=\"wp-block-group__inner-container is-layout-flow wp-block-group-is-layout-flow\">\n<div style=\"height:80px\" aria-hidden=\"true\" class=\"wp-block-spacer\"><\/div>\n\n\n\n<div class=\"wp-block-columns is-layout-flex wp-container-core-columns-is-layout-9d6595d7 wp-block-columns-is-layout-flex\">\n<div class=\"wp-block-column is-layout-flow wp-block-column-is-layout-flow\"><div class=\"wp-block-image is-style-default\">\n<figure class=\"aligncenter size-full\"><img loading=\"lazy\" decoding=\"async\" width=\"1024\" height=\"1024\" src=\"https:\/\/www.xn--getrnke-garage-8hb.ch\/wp-content\/uploads\/2024\/05\/Mitarbeiterbild-Andrea.jpeg\" alt=\"\" class=\"wp-image-139\" srcset=\"https:\/\/www.xn--getrnke-garage-8hb.ch\/wp-content\/uploads\/2024\/05\/Mitarbeiterbild-Andrea.jpeg 1024w, https:\/\/www.xn--getrnke-garage-8hb.ch\/wp-content\/uploads\/2024\/05\/Mitarbeiterbild-Andrea-300x300.jpeg 300w, https:\/\/www.xn--getrnke-garage-8hb.ch\/wp-content\/uploads\/2024\/05\/Mitarbeiterbild-Andrea-150x150.jpeg 150w, https:\/\/www.xn--getrnke-garage-8hb.ch\/wp-content\/uploads\/2024\/05\/Mitarbeiterbild-Andrea-768x768.jpeg 768w\" sizes=\"auto, (max-width: 1024px) 100vw, 1024px\" \/><\/figure>\n<\/div>\n\n\n<div style=\"height:24px\" aria-hidden=\"true\" class=\"wp-block-spacer\"><\/div>\n\n\n\n<h3 class=\"wp-block-heading has-text-align-center has-neve-text-color-color has-text-color\">Andrea<\/h3>\n\n\n\n<p class=\"has-text-align-center has-neve-text-color-color has-text-color\">Verkauf, Werbung, Verwaltung<\/p>\n<\/div>\n\n\n\n<div class=\"wp-block-column is-layout-flow wp-block-column-is-layout-flow\"><div class=\"wp-block-image is-style-default\">\n<figure class=\"aligncenter size-full\"><img loading=\"lazy\" decoding=\"async\" width=\"1024\" height=\"1024\" src=\"https:\/\/www.xn--getrnke-garage-8hb.ch\/wp-content\/uploads\/2024\/05\/Mitarbeiterbild-Mr.-P.jpeg\" alt=\"\" class=\"wp-image-136\" srcset=\"https:\/\/www.xn--getrnke-garage-8hb.ch\/wp-content\/uploads\/2024\/05\/Mitarbeiterbild-Mr.-P.jpeg 1024w, https:\/\/www.xn--getrnke-garage-8hb.ch\/wp-content\/uploads\/2024\/05\/Mitarbeiterbild-Mr.-P-300x300.jpeg 300w, https:\/\/www.xn--getrnke-garage-8hb.ch\/wp-content\/uploads\/2024\/05\/Mitarbeiterbild-Mr.-P-150x150.jpeg 150w, https:\/\/www.xn--getrnke-garage-8hb.ch\/wp-content\/uploads\/2024\/05\/Mitarbeiterbild-Mr.-P-768x768.jpeg 768w\" sizes=\"auto, (max-width: 1024px) 100vw, 1024px\" \/><\/figure>\n<\/div>\n\n\n<div style=\"height:24px\" aria-hidden=\"true\" class=\"wp-block-spacer\"><\/div>\n\n\n\n<h3 class=\"wp-block-heading has-text-align-center has-neve-text-color-color has-text-color\">Peter<\/h3>\n\n\n\n<p class=\"has-text-align-center has-neve-text-color-color has-text-color\">Braumeister, Mikrobiologe<\/p>\n<\/div>\n\n\n\n<div class=\"wp-block-column is-layout-flow wp-block-column-is-layout-flow\"><div class=\"wp-block-image is-style-default\">\n<figure class=\"aligncenter size-full\"><img loading=\"lazy\" decoding=\"async\" width=\"1024\" height=\"1024\" src=\"https:\/\/www.xn--getrnke-garage-8hb.ch\/wp-content\/uploads\/2024\/05\/Mitarbeiterbild-Sandro.jpeg\" alt=\"\" class=\"wp-image-137\" srcset=\"https:\/\/www.xn--getrnke-garage-8hb.ch\/wp-content\/uploads\/2024\/05\/Mitarbeiterbild-Sandro.jpeg 1024w, https:\/\/www.xn--getrnke-garage-8hb.ch\/wp-content\/uploads\/2024\/05\/Mitarbeiterbild-Sandro-300x300.jpeg 300w, https:\/\/www.xn--getrnke-garage-8hb.ch\/wp-content\/uploads\/2024\/05\/Mitarbeiterbild-Sandro-150x150.jpeg 150w, https:\/\/www.xn--getrnke-garage-8hb.ch\/wp-content\/uploads\/2024\/05\/Mitarbeiterbild-Sandro-768x768.jpeg 768w\" sizes=\"auto, (max-width: 1024px) 100vw, 1024px\" \/><\/figure>\n<\/div>\n\n\n<div style=\"height:24px\" aria-hidden=\"true\" class=\"wp-block-spacer\"><\/div>\n\n\n\n<h3 class=\"wp-block-heading has-text-align-center has-neve-text-color-color has-text-color\">Sandro<\/h3>\n\n\n\n<p class=\"has-text-align-center has-neve-text-color-color has-text-color\">Braumeister, Bastler<\/p>\n<\/div>\n<\/div>\n<\/div><\/div>\n<\/div><\/div>\n","protected":false},"excerpt":{"rendered":"","protected":false},"author":1,"featured_media":0,"parent":0,"menu_order":0,"comment_status":"closed","ping_status":"closed","template":"","meta":{"neve_meta_sidebar":"","neve_meta_container":"","neve_meta_enable_content_width":"on","neve_meta_content_width":100,"neve_meta_title_alignment":"","neve_meta_author_avatar":"","neve_post_elements_order":"","neve_meta_disable_header":"","neve_meta_disable_footer":"","neve_meta_disable_title":"on","footnotes":""},"class_list":["post-43","page","type-page","status-publish","hentry"],"yoast_head":"<!-- This site is optimized with the Yoast SEO plugin v26.2 - https:\/\/yoast.com\/wordpress\/plugins\/seo\/ -->\n<title>About - Getr\u00e4nke Garage<\/title>\n<meta name=\"description\" content=\"Eine Beschreibung \u00fcber die Idee und die Hintergr\u00fcnde der Getr\u00e4nke Garage, die Passion und unser Team. Was wir anbieten, das lieben wir.\" \/>\n<meta name=\"robots\" content=\"index, follow, max-snippet:-1, max-image-preview:large, max-video-preview:-1\" \/>\n<link rel=\"canonical\" href=\"https:\/\/www.xn--getrnke-garage-8hb.ch\/?page_id=43\" \/>\n<meta property=\"og:locale\" content=\"de_DE\" \/>\n<meta property=\"og:type\" content=\"article\" \/>\n<meta property=\"og:title\" content=\"About - Getr\u00e4nke Garage\" \/>\n<meta property=\"og:description\" content=\"Eine Beschreibung \u00fcber die Idee und die Hintergr\u00fcnde der Getr\u00e4nke Garage, die Passion und unser Team. Was wir anbieten, das lieben wir.\" \/>\n<meta property=\"og:url\" content=\"https:\/\/www.xn--getrnke-garage-8hb.ch\/?page_id=43\" \/>\n<meta property=\"og:site_name\" content=\"Getr\u00e4nke Garage\" \/>\n<meta property=\"article:modified_time\" content=\"2025-10-26T21:57:15+00:00\" \/>\n<meta property=\"og:image\" content=\"https:\/\/www.xn--getrnke-garage-8hb.ch\/wp-content\/uploads\/2024\/05\/Geschichte-Oldtimer-Brauerei-und-Wein.jpg\" \/>\n\t<meta property=\"og:image:width\" content=\"512\" \/>\n\t<meta property=\"og:image:height\" content=\"512\" \/>\n\t<meta property=\"og:image:type\" content=\"image\/jpeg\" \/>\n<meta name=\"twitter:card\" content=\"summary_large_image\" \/>\n<meta name=\"twitter:label1\" content=\"Gesch\u00e4tzte Lesezeit\" \/>\n\t<meta name=\"twitter:data1\" content=\"3\u00a0Minuten\" \/>\n<script type=\"application\/ld+json\" class=\"yoast-schema-graph\">{\"@context\":\"https:\/\/schema.org\",\"@graph\":[{\"@type\":\"WebPage\",\"@id\":\"https:\/\/www.xn--getrnke-garage-8hb.ch\/?page_id=43\",\"url\":\"https:\/\/www.xn--getrnke-garage-8hb.ch\/?page_id=43\",\"name\":\"About - Getr\u00e4nke Garage\",\"isPartOf\":{\"@id\":\"https:\/\/www.xn--getrnke-garage-8hb.ch\/#website\"},\"primaryImageOfPage\":{\"@id\":\"https:\/\/www.xn--getrnke-garage-8hb.ch\/?page_id=43#primaryimage\"},\"image\":{\"@id\":\"https:\/\/www.xn--getrnke-garage-8hb.ch\/?page_id=43#primaryimage\"},\"thumbnailUrl\":\"https:\/\/www.xn--getrnke-garage-8hb.ch\/wp-content\/uploads\/2024\/05\/Geschichte-Oldtimer-Brauerei-und-Wein.jpg\",\"datePublished\":\"2024-04-01T17:23:53+00:00\",\"dateModified\":\"2025-10-26T21:57:15+00:00\",\"description\":\"Eine Beschreibung \u00fcber die Idee und die Hintergr\u00fcnde der Getr\u00e4nke Garage, die Passion und unser Team. Was wir anbieten, das lieben wir.\",\"breadcrumb\":{\"@id\":\"https:\/\/www.xn--getrnke-garage-8hb.ch\/?page_id=43#breadcrumb\"},\"inLanguage\":\"de-CH\",\"potentialAction\":[{\"@type\":\"ReadAction\",\"target\":[\"https:\/\/www.xn--getrnke-garage-8hb.ch\/?page_id=43\"]}]},{\"@type\":\"ImageObject\",\"inLanguage\":\"de-CH\",\"@id\":\"https:\/\/www.xn--getrnke-garage-8hb.ch\/?page_id=43#primaryimage\",\"url\":\"https:\/\/www.xn--getrnke-garage-8hb.ch\/wp-content\/uploads\/2024\/05\/Geschichte-Oldtimer-Brauerei-und-Wein.jpg\",\"contentUrl\":\"https:\/\/www.xn--getrnke-garage-8hb.ch\/wp-content\/uploads\/2024\/05\/Geschichte-Oldtimer-Brauerei-und-Wein.jpg\",\"width\":512,\"height\":512},{\"@type\":\"BreadcrumbList\",\"@id\":\"https:\/\/www.xn--getrnke-garage-8hb.ch\/?page_id=43#breadcrumb\",\"itemListElement\":[{\"@type\":\"ListItem\",\"position\":1,\"name\":\"Startseite\",\"item\":\"https:\/\/www.xn--getrnke-garage-8hb.ch\/\"},{\"@type\":\"ListItem\",\"position\":2,\"name\":\"About\"}]},{\"@type\":\"WebSite\",\"@id\":\"https:\/\/www.xn--getrnke-garage-8hb.ch\/#website\",\"url\":\"https:\/\/www.xn--getrnke-garage-8hb.ch\/\",\"name\":\"Getr\u00e4nke Garage\",\"description\":\"\",\"publisher\":{\"@id\":\"https:\/\/www.xn--getrnke-garage-8hb.ch\/#organization\"},\"potentialAction\":[{\"@type\":\"SearchAction\",\"target\":{\"@type\":\"EntryPoint\",\"urlTemplate\":\"https:\/\/www.xn--getrnke-garage-8hb.ch\/?s={search_term_string}\"},\"query-input\":{\"@type\":\"PropertyValueSpecification\",\"valueRequired\":true,\"valueName\":\"search_term_string\"}}],\"inLanguage\":\"de-CH\"},{\"@type\":\"Organization\",\"@id\":\"https:\/\/www.xn--getrnke-garage-8hb.ch\/#organization\",\"name\":\"Getr\u00e4nke Garage\",\"url\":\"https:\/\/www.xn--getrnke-garage-8hb.ch\/\",\"logo\":{\"@type\":\"ImageObject\",\"inLanguage\":\"de-CH\",\"@id\":\"https:\/\/www.xn--getrnke-garage-8hb.ch\/#\/schema\/logo\/image\/\",\"url\":\"https:\/\/www.xn--getrnke-garage-8hb.ch\/wp-content\/uploads\/2024\/04\/Color-logo-with-background.png\",\"contentUrl\":\"https:\/\/www.xn--getrnke-garage-8hb.ch\/wp-content\/uploads\/2024\/04\/Color-logo-with-background.png\",\"width\":3162,\"height\":1200,\"caption\":\"Getr\u00e4nke Garage\"},\"image\":{\"@id\":\"https:\/\/www.xn--getrnke-garage-8hb.ch\/#\/schema\/logo\/image\/\"}}]}<\/script>\n<!-- \/ Yoast SEO plugin. -->","yoast_head_json":{"title":"About - Getr\u00e4nke Garage","description":"Eine Beschreibung \u00fcber die Idee und die Hintergr\u00fcnde der Getr\u00e4nke Garage, die Passion und unser Team. Was wir anbieten, das lieben wir.","robots":{"index":"index","follow":"follow","max-snippet":"max-snippet:-1","max-image-preview":"max-image-preview:large","max-video-preview":"max-video-preview:-1"},"canonical":"https:\/\/www.xn--getrnke-garage-8hb.ch\/?page_id=43","og_locale":"de_DE","og_type":"article","og_title":"About - Getr\u00e4nke Garage","og_description":"Eine Beschreibung \u00fcber die Idee und die Hintergr\u00fcnde der Getr\u00e4nke Garage, die Passion und unser Team. Was wir anbieten, das lieben wir.","og_url":"https:\/\/www.xn--getrnke-garage-8hb.ch\/?page_id=43","og_site_name":"Getr\u00e4nke Garage","article_modified_time":"2025-10-26T21:57:15+00:00","og_image":[{"width":512,"height":512,"url":"https:\/\/www.xn--getrnke-garage-8hb.ch\/wp-content\/uploads\/2024\/05\/Geschichte-Oldtimer-Brauerei-und-Wein.jpg","type":"image\/jpeg"}],"twitter_card":"summary_large_image","twitter_misc":{"Gesch\u00e4tzte Lesezeit":"3\u00a0Minuten"},"schema":{"@context":"https:\/\/schema.org","@graph":[{"@type":"WebPage","@id":"https:\/\/www.xn--getrnke-garage-8hb.ch\/?page_id=43","url":"https:\/\/www.xn--getrnke-garage-8hb.ch\/?page_id=43","name":"About - Getr\u00e4nke Garage","isPartOf":{"@id":"https:\/\/www.xn--getrnke-garage-8hb.ch\/#website"},"primaryImageOfPage":{"@id":"https:\/\/www.xn--getrnke-garage-8hb.ch\/?page_id=43#primaryimage"},"image":{"@id":"https:\/\/www.xn--getrnke-garage-8hb.ch\/?page_id=43#primaryimage"},"thumbnailUrl":"https:\/\/www.xn--getrnke-garage-8hb.ch\/wp-content\/uploads\/2024\/05\/Geschichte-Oldtimer-Brauerei-und-Wein.jpg","datePublished":"2024-04-01T17:23:53+00:00","dateModified":"2025-10-26T21:57:15+00:00","description":"Eine Beschreibung \u00fcber die Idee und die Hintergr\u00fcnde der Getr\u00e4nke Garage, die Passion und unser Team. Was wir anbieten, das lieben wir.","breadcrumb":{"@id":"https:\/\/www.xn--getrnke-garage-8hb.ch\/?page_id=43#breadcrumb"},"inLanguage":"de-CH","potentialAction":[{"@type":"ReadAction","target":["https:\/\/www.xn--getrnke-garage-8hb.ch\/?page_id=43"]}]},{"@type":"ImageObject","inLanguage":"de-CH","@id":"https:\/\/www.xn--getrnke-garage-8hb.ch\/?page_id=43#primaryimage","url":"https:\/\/www.xn--getrnke-garage-8hb.ch\/wp-content\/uploads\/2024\/05\/Geschichte-Oldtimer-Brauerei-und-Wein.jpg","contentUrl":"https:\/\/www.xn--getrnke-garage-8hb.ch\/wp-content\/uploads\/2024\/05\/Geschichte-Oldtimer-Brauerei-und-Wein.jpg","width":512,"height":512},{"@type":"BreadcrumbList","@id":"https:\/\/www.xn--getrnke-garage-8hb.ch\/?page_id=43#breadcrumb","itemListElement":[{"@type":"ListItem","position":1,"name":"Startseite","item":"https:\/\/www.xn--getrnke-garage-8hb.ch\/"},{"@type":"ListItem","position":2,"name":"About"}]},{"@type":"WebSite","@id":"https:\/\/www.xn--getrnke-garage-8hb.ch\/#website","url":"https:\/\/www.xn--getrnke-garage-8hb.ch\/","name":"Getr\u00e4nke Garage","description":"","publisher":{"@id":"https:\/\/www.xn--getrnke-garage-8hb.ch\/#organization"},"potentialAction":[{"@type":"SearchAction","target":{"@type":"EntryPoint","urlTemplate":"https:\/\/www.xn--getrnke-garage-8hb.ch\/?s={search_term_string}"},"query-input":{"@type":"PropertyValueSpecification","valueRequired":true,"valueName":"search_term_string"}}],"inLanguage":"de-CH"},{"@type":"Organization","@id":"https:\/\/www.xn--getrnke-garage-8hb.ch\/#organization","name":"Getr\u00e4nke Garage","url":"https:\/\/www.xn--getrnke-garage-8hb.ch\/","logo":{"@type":"ImageObject","inLanguage":"de-CH","@id":"https:\/\/www.xn--getrnke-garage-8hb.ch\/#\/schema\/logo\/image\/","url":"https:\/\/www.xn--getrnke-garage-8hb.ch\/wp-content\/uploads\/2024\/04\/Color-logo-with-background.png","contentUrl":"https:\/\/www.xn--getrnke-garage-8hb.ch\/wp-content\/uploads\/2024\/04\/Color-logo-with-background.png","width":3162,"height":1200,"caption":"Getr\u00e4nke Garage"},"image":{"@id":"https:\/\/www.xn--getrnke-garage-8hb.ch\/#\/schema\/logo\/image\/"}}]}},"_links":{"self":[{"href":"https:\/\/www.xn--getrnke-garage-8hb.ch\/index.php?rest_route=\/wp\/v2\/pages\/43","targetHints":{"allow":["GET"]}}],"collection":[{"href":"https:\/\/www.xn--getrnke-garage-8hb.ch\/index.php?rest_route=\/wp\/v2\/pages"}],"about":[{"href":"https:\/\/www.xn--getrnke-garage-8hb.ch\/index.php?rest_route=\/wp\/v2\/types\/page"}],"author":[{"embeddable":true,"href":"https:\/\/www.xn--getrnke-garage-8hb.ch\/index.php?rest_route=\/wp\/v2\/users\/1"}],"replies":[{"embeddable":true,"href":"https:\/\/www.xn--getrnke-garage-8hb.ch\/index.php?rest_route=%2Fwp%2Fv2%2Fcomments&post=43"}],"version-history":[{"count":26,"href":"https:\/\/www.xn--getrnke-garage-8hb.ch\/index.php?rest_route=\/wp\/v2\/pages\/43\/revisions"}],"predecessor-version":[{"id":333,"href":"https:\/\/www.xn--getrnke-garage-8hb.ch\/index.php?rest_route=\/wp\/v2\/pages\/43\/revisions\/333"}],"wp:attachment":[{"href":"https:\/\/www.xn--getrnke-garage-8hb.ch\/index.php?rest_route=%2Fwp%2Fv2%2Fmedia&parent=43"}],"curies":[{"name":"wp","href":"https:\/\/api.w.org\/{rel}","templated":true}]}}