{"id":45,"date":"2024-04-01T18:23:53","date_gmt":"2024-04-01T17:23:53","guid":{"rendered":"https:\/\/www.xn--getrnke-garage-8hb.ch\/?page_id=45"},"modified":"2025-11-02T11:19:13","modified_gmt":"2025-11-02T10:19:13","slug":"getraenke-bier-wein","status":"publish","type":"page","link":"https:\/\/www.xn--getrnke-garage-8hb.ch\/?page_id=45","title":{"rendered":"Getr\u00e4nke"},"content":{"rendered":"\n<div class=\"wp-block-cover alignfull is-light\" style=\"min-height:300px;aspect-ratio:unset;\"><span aria-hidden=\"true\" class=\"wp-block-cover__background has-nv-site-bg-background-color has-background-dim-100 has-background-dim\"><\/span><div class=\"wp-block-cover__inner-container is-layout-flow wp-block-cover-is-layout-flow\">\n<div class=\"wp-block-group\"><div class=\"wp-block-group__inner-container is-layout-flow wp-block-group-is-layout-flow\">\n<h1 class=\"wp-block-heading has-text-align-left has-neve-text-color-color has-text-color\">Bier<\/h1>\n<\/div><\/div>\n<\/div><\/div>\n\n\n\n<div class=\"wp-block-cover alignfull is-light\" style=\"min-height:600px;aspect-ratio:unset;\"><span aria-hidden=\"true\" class=\"wp-block-cover__background has-nv-light-bg-background-color has-background-dim-100 has-background-dim\"><\/span><div class=\"wp-block-cover__inner-container is-layout-flow wp-block-cover-is-layout-flow\">\n<div class=\"wp-block-group\"><div class=\"wp-block-group__inner-container is-layout-flow wp-block-group-is-layout-flow\">\n<div style=\"height:5px\" aria-hidden=\"true\" class=\"wp-block-spacer\"><\/div>\n\n\n\n<div class=\"wp-block-columns is-layout-flex wp-container-core-columns-is-layout-9d6595d7 wp-block-columns-is-layout-flex\">\n<div class=\"wp-block-column is-layout-flow wp-block-column-is-layout-flow\" style=\"flex-basis:50%\">\n<figure class=\"wp-block-image size-large\"><img loading=\"lazy\" decoding=\"async\" width=\"1024\" height=\"519\" src=\"https:\/\/www.xn--getrnke-garage-8hb.ch\/wp-content\/uploads\/2025\/10\/Frohalde-ohne-Schrift-1024x519.png\" alt=\"\" class=\"wp-image-292\" srcset=\"https:\/\/www.xn--getrnke-garage-8hb.ch\/wp-content\/uploads\/2025\/10\/Frohalde-ohne-Schrift-1024x519.png 1024w, https:\/\/www.xn--getrnke-garage-8hb.ch\/wp-content\/uploads\/2025\/10\/Frohalde-ohne-Schrift-300x152.png 300w, https:\/\/www.xn--getrnke-garage-8hb.ch\/wp-content\/uploads\/2025\/10\/Frohalde-ohne-Schrift-768x389.png 768w, https:\/\/www.xn--getrnke-garage-8hb.ch\/wp-content\/uploads\/2025\/10\/Frohalde-ohne-Schrift.png 1176w\" sizes=\"auto, (max-width: 1024px) 100vw, 1024px\" \/><\/figure>\n\n\n\n<div style=\"height:24px\" aria-hidden=\"true\" class=\"wp-block-spacer\"><\/div>\n\n\n\n<h3 class=\"wp-block-heading has-text-align-center has-neve-text-color-color has-text-color\">Frohalde<\/h3>\n\n\n\n<p class=\"has-text-align-center has-neve-text-color-color has-text-color\">Gebraut nach einem \u00fcberlieferten Rezept des letzten gelernten Bierbrauers der Schweiz \u2013 mit Hingabe und Tradition. Erstmals an der Frohaldenstrasse gebraut und seit 2003 unver\u00e4ndert.<\/p>\n\n\n\n<div class=\"wp-block-buttons is-content-justification-center is-layout-flex wp-container-core-buttons-is-layout-16018d1d wp-block-buttons-is-layout-flex\">\n<div class=\"wp-block-button is-style-primary\"><a class=\"wp-block-button__link wp-element-button\" href=\"mailto:info@getr\u00e4nke-garage.ch\" target=\"_blank\" rel=\"noreferrer noopener\">33cl Dose &#8211; 3.00 CHF<\/a><\/div>\n<\/div>\n\n\n\n<div style=\"height:40px\" aria-hidden=\"true\" class=\"wp-block-spacer\"><\/div>\n<\/div>\n\n\n\n<div class=\"wp-block-column is-layout-flow wp-block-column-is-layout-flow\" style=\"flex-basis:50%\">\n<figure class=\"wp-block-image size-large\"><img loading=\"lazy\" decoding=\"async\" width=\"1024\" height=\"519\" src=\"https:\/\/www.xn--getrnke-garage-8hb.ch\/wp-content\/uploads\/2025\/10\/503-mit-Schrift-1024x519.png\" alt=\"\" class=\"wp-image-296\" srcset=\"https:\/\/www.xn--getrnke-garage-8hb.ch\/wp-content\/uploads\/2025\/10\/503-mit-Schrift-1024x519.png 1024w, https:\/\/www.xn--getrnke-garage-8hb.ch\/wp-content\/uploads\/2025\/10\/503-mit-Schrift-300x152.png 300w, https:\/\/www.xn--getrnke-garage-8hb.ch\/wp-content\/uploads\/2025\/10\/503-mit-Schrift-768x389.png 768w, https:\/\/www.xn--getrnke-garage-8hb.ch\/wp-content\/uploads\/2025\/10\/503-mit-Schrift.png 1176w\" sizes=\"auto, (max-width: 1024px) 100vw, 1024px\" \/><\/figure>\n\n\n\n<div style=\"height:24px\" aria-hidden=\"true\" class=\"wp-block-spacer\"><\/div>\n\n\n\n<h3 class=\"wp-block-heading has-text-align-center has-neve-text-color-color has-text-color\">503<\/h3>\n\n\n\n<p class=\"has-text-align-center has-neve-text-color-color has-text-color\">503 \u2013 benannt nach der Buslinie zur Brauerei. Dieses Bier f\u00e4hrt seit dem ersten Schluck auf klarer Strecke &#8211; frisch, direkt, unver\u00e4ndert. Auch nach dem Fahrplanwechsel bleibt das Rezept auf Kurs \u2013 ein Geschmack, der nicht umsteigt.<\/p>\n\n\n\n<div class=\"wp-block-buttons is-content-justification-center is-layout-flex wp-container-core-buttons-is-layout-16018d1d wp-block-buttons-is-layout-flex\">\n<div class=\"wp-block-button is-style-primary\"><a class=\"wp-block-button__link wp-element-button\" href=\"mailto:info@getr\u00e4nke-garage.ch\" target=\"_blank\" rel=\"noreferrer noopener\">33cl Dose &#8211; 3.00 CHF<\/a><\/div>\n<\/div>\n\n\n\n<div style=\"height:40px\" aria-hidden=\"true\" class=\"wp-block-spacer\"><\/div>\n<\/div>\n<\/div>\n\n\n\n<div style=\"height:40px\" aria-hidden=\"true\" class=\"wp-block-spacer\"><\/div>\n<\/div><\/div>\n<\/div><\/div>\n\n\n\n<div class=\"wp-block-cover alignfull is-light\" style=\"min-height:600px;aspect-ratio:unset;\"><span aria-hidden=\"true\" class=\"wp-block-cover__background has-nv-site-bg-background-color has-background-dim-100 has-background-dim\"><\/span><div class=\"wp-block-cover__inner-container is-layout-flow wp-block-cover-is-layout-flow\">\n<div class=\"wp-block-group\"><div class=\"wp-block-group__inner-container is-layout-flow wp-block-group-is-layout-flow\">\n<div style=\"height:20px\" aria-hidden=\"true\" class=\"wp-block-spacer\"><\/div>\n\n\n\n<div class=\"wp-block-columns is-layout-flex wp-container-core-columns-is-layout-9d6595d7 wp-block-columns-is-layout-flex\">\n<div class=\"wp-block-column is-layout-flow wp-block-column-is-layout-flow\" style=\"flex-basis:50%\"><div class=\"wp-block-image\">\n<figure class=\"aligncenter size-full is-resized\"><img loading=\"lazy\" decoding=\"async\" width=\"660\" height=\"594\" src=\"https:\/\/www.xn--getrnke-garage-8hb.ch\/wp-content\/uploads\/2025\/10\/Blue-Lily-Haelfte-ohne-Schrift.png\" alt=\"\" class=\"wp-image-297\" style=\"width:306px;height:auto\" srcset=\"https:\/\/www.xn--getrnke-garage-8hb.ch\/wp-content\/uploads\/2025\/10\/Blue-Lily-Haelfte-ohne-Schrift.png 660w, https:\/\/www.xn--getrnke-garage-8hb.ch\/wp-content\/uploads\/2025\/10\/Blue-Lily-Haelfte-ohne-Schrift-300x270.png 300w\" sizes=\"auto, (max-width: 660px) 100vw, 660px\" \/><\/figure>\n<\/div>\n\n\n<div style=\"height:24px\" aria-hidden=\"true\" class=\"wp-block-spacer\"><\/div>\n\n\n\n<h3 class=\"wp-block-heading has-text-align-center has-neve-text-color-color has-text-color\">Blue Lily<\/h3>\n\n\n\n<p class=\"has-text-align-center has-neve-text-color-color has-text-color\">Gebraut mit reinstem Quellwasser zu Ehren der blauen Lilie im Fehraltorfer Wappen. Dieses Bier steht f\u00fcr die pure Frische, das Licht der Wiesen und die Klarheit der W\u00e4lder \u2013 ein Tropfen Heimat in jedem Schluck.<\/p>\n\n\n\n<div class=\"wp-block-buttons is-content-justification-center is-layout-flex wp-container-core-buttons-is-layout-16018d1d wp-block-buttons-is-layout-flex\">\n<div class=\"wp-block-button is-style-primary\"><a class=\"wp-block-button__link wp-element-button\" href=\"mailto:info@getr\u00e4nke-garage.ch\" target=\"_blank\" rel=\"noreferrer noopener\">33cl Dose &#8211; 3.00 CHF<\/a><\/div>\n<\/div>\n\n\n\n<div style=\"height:40px\" aria-hidden=\"true\" class=\"wp-block-spacer\"><\/div>\n<\/div>\n\n\n\n<div class=\"wp-block-column is-layout-flow wp-block-column-is-layout-flow\" style=\"flex-basis:50%\">\n<figure class=\"wp-block-image size-large\"><img loading=\"lazy\" decoding=\"async\" width=\"1024\" height=\"519\" src=\"https:\/\/www.xn--getrnke-garage-8hb.ch\/wp-content\/uploads\/2025\/10\/GUSS-ohne-Schrift-1024x519.png\" alt=\"\" class=\"wp-image-293\" srcset=\"https:\/\/www.xn--getrnke-garage-8hb.ch\/wp-content\/uploads\/2025\/10\/GUSS-ohne-Schrift-1024x519.png 1024w, https:\/\/www.xn--getrnke-garage-8hb.ch\/wp-content\/uploads\/2025\/10\/GUSS-ohne-Schrift-300x152.png 300w, https:\/\/www.xn--getrnke-garage-8hb.ch\/wp-content\/uploads\/2025\/10\/GUSS-ohne-Schrift-768x389.png 768w, https:\/\/www.xn--getrnke-garage-8hb.ch\/wp-content\/uploads\/2025\/10\/GUSS-ohne-Schrift.png 1176w\" sizes=\"auto, (max-width: 1024px) 100vw, 1024px\" \/><\/figure>\n\n\n\n<div style=\"height:24px\" aria-hidden=\"true\" class=\"wp-block-spacer\"><\/div>\n\n\n\n<h3 class=\"wp-block-heading has-text-align-center has-neve-text-color-color has-text-color\">Guss<\/h3>\n\n\n\n<p class=\"has-text-align-center has-neve-text-color-color has-text-color\">Wo gl\u00fchendes Eisen auf rauen Stahl trifft und Funken die Dunkelheit durchbrechen, wurde einst ein Tropfen Bier in die Gussform gegeben. Aus dieser Begegnung von Hitze und Hopfen entstand ein tiefschwarzes Stout. Geboren aus Feuer, gebraut mit Seele.<\/p>\n\n\n\n<div class=\"wp-block-buttons is-content-justification-center is-layout-flex wp-container-core-buttons-is-layout-16018d1d wp-block-buttons-is-layout-flex\">\n<div class=\"wp-block-button is-style-primary\"><a class=\"wp-block-button__link wp-element-button\" href=\"mailto:info@getr\u00e4nke-garage.ch\" target=\"_blank\" rel=\"noreferrer noopener\">33cl Dose &#8211; 3.00 CHF<\/a><\/div>\n<\/div>\n\n\n\n<div style=\"height:40px\" aria-hidden=\"true\" class=\"wp-block-spacer\"><\/div>\n<\/div>\n<\/div>\n\n\n\n<div style=\"height:40px\" aria-hidden=\"true\" class=\"wp-block-spacer\"><\/div>\n<\/div><\/div>\n<\/div><\/div>\n\n\n\n<div class=\"wp-block-cover alignfull is-light\" style=\"min-height:300px;aspect-ratio:unset;\"><span aria-hidden=\"true\" class=\"wp-block-cover__background has-nv-dark-bg-background-color has-background-dim-100 has-background-dim\"><\/span><div class=\"wp-block-cover__inner-container is-layout-flow wp-block-cover-is-layout-flow\">\n<div class=\"wp-block-group\"><div class=\"wp-block-group__inner-container is-layout-flow wp-block-group-is-layout-flow\">\n<h1 class=\"wp-block-heading has-text-align-left has-neve-text-color-color has-text-color\">Wein<\/h1>\n<\/div><\/div>\n<\/div><\/div>\n\n\n\n<div class=\"wp-block-cover alignfull is-light\" style=\"min-height:300px;aspect-ratio:unset;\"><span aria-hidden=\"true\" class=\"wp-block-cover__background has-nv-dark-bg-background-color has-background-dim-100 has-background-dim\"><\/span><div class=\"wp-block-cover__inner-container is-layout-flow wp-block-cover-is-layout-flow\">\n<div class=\"wp-block-group\"><div class=\"wp-block-group__inner-container is-layout-flow wp-block-group-is-layout-flow\">\n<div style=\"height:5px\" aria-hidden=\"true\" class=\"wp-block-spacer\"><\/div>\n\n\n\n<div class=\"wp-block-columns is-layout-flex wp-container-core-columns-is-layout-9d6595d7 wp-block-columns-is-layout-flex\">\n<div class=\"wp-block-column is-layout-flow wp-block-column-is-layout-flow\" style=\"flex-basis:50%\">\n<figure class=\"wp-block-image size-full\"><img loading=\"lazy\" decoding=\"async\" width=\"700\" height=\"479\" src=\"https:\/\/www.xn--getrnke-garage-8hb.ch\/wp-content\/uploads\/2025\/10\/Blossa-Annual-2025.png\" alt=\"\" class=\"wp-image-306\" srcset=\"https:\/\/www.xn--getrnke-garage-8hb.ch\/wp-content\/uploads\/2025\/10\/Blossa-Annual-2025.png 700w, https:\/\/www.xn--getrnke-garage-8hb.ch\/wp-content\/uploads\/2025\/10\/Blossa-Annual-2025-300x205.png 300w\" sizes=\"auto, (max-width: 700px) 100vw, 700px\" \/><\/figure>\n\n\n\n<div style=\"height:24px\" aria-hidden=\"true\" class=\"wp-block-spacer\"><\/div>\n\n\n\n<h3 class=\"wp-block-heading has-text-align-center has-neve-text-color-color has-text-color\">Gl\u00f6gg &#8211; Gl\u00fchwein<\/h3>\n\n\n\n<p class=\"has-text-align-center has-neve-text-color-color has-text-color\"><a href=\"https:\/\/blossa.com\/en\/blossa-annual-glogg\">Blossa Gl\u00f6gg<\/a> \u2013 Gl\u00fchwein auf Schwedisch. 2025 Alpen-Edition passend zur Schweiz.<\/p>\n\n\n\n<p class=\"has-text-align-center has-neve-text-color-color has-text-color\">Inspiriert von den Alpen, veredelt mit nordischem Charakter. Mit satten 15% Alkoholgehalt und einem reichhaltigen, aromatischen Geschmack.<\/p>\n\n\n\n<p class=\"has-text-align-center has-neve-text-color-color has-text-color\">Als Heissgetr\u00e4nk perfekt f\u00fcr gem\u00fctliche Winterabende und an jeder Weihnachtsparty ein Hit.<\/p>\n\n\n\n<p class=\"has-text-align-center has-neve-text-color-color has-text-color\">Geheimtipp: Auch kalt ein Genuss!<\/p>\n\n\n\n<p class=\"has-text-align-center has-neve-text-color-color has-text-color\">Im Neuen Jahr keine Lust mehr auf Weihnachtsgetr\u00e4nke?  Die besten Mix-Ideen: Blossa 25 Spritz, Blossa 25 Negroni, Gl\u00f6gg Sangria Cocktail (die Sommerparty kommt bald)<\/p>\n\n\n\n<p class=\"has-text-align-center has-neve-text-color-color has-text-color\">Sk\u00e5l auf die Alpen!<\/p>\n\n\n\n<div class=\"wp-block-buttons is-content-justification-center is-layout-flex wp-container-core-buttons-is-layout-16018d1d wp-block-buttons-is-layout-flex\">\n<div class=\"wp-block-button is-style-primary\"><a class=\"wp-block-button__link wp-element-button\" href=\"mailto:info@getr\u00e4nke-garage.ch\" target=\"_blank\" rel=\"noreferrer noopener\">75cl Flasche &#8211; 18.00 CHF<\/a><\/div>\n\n\n\n<div class=\"wp-block-button is-style-primary\"><a class=\"wp-block-button__link wp-element-button\" href=\"mailto:info@getr\u00e4nke-garage.ch\" target=\"_blank\" rel=\"noreferrer noopener\">12 x 75cl Flasche &#8211; 192.00 CHF<\/a><\/div>\n<\/div>\n\n\n\n<div style=\"height:40px\" aria-hidden=\"true\" class=\"wp-block-spacer\"><\/div>\n<\/div>\n\n\n\n<div class=\"wp-block-column is-layout-flow wp-block-column-is-layout-flow\" style=\"flex-basis:50%\"><div class=\"wp-block-image\">\n<figure class=\"aligncenter size-full is-resized\"><img loading=\"lazy\" decoding=\"async\" width=\"400\" height=\"531\" src=\"https:\/\/www.xn--getrnke-garage-8hb.ch\/wp-content\/uploads\/2025\/10\/Chateau-Phelan-Segur.jpg\" alt=\"\" class=\"wp-image-312\" style=\"width:289px;height:auto\" srcset=\"https:\/\/www.xn--getrnke-garage-8hb.ch\/wp-content\/uploads\/2025\/10\/Chateau-Phelan-Segur.jpg 400w, https:\/\/www.xn--getrnke-garage-8hb.ch\/wp-content\/uploads\/2025\/10\/Chateau-Phelan-Segur-226x300.jpg 226w\" sizes=\"auto, (max-width: 400px) 100vw, 400px\" \/><\/figure>\n<\/div>\n\n\n<div style=\"height:24px\" aria-hidden=\"true\" class=\"wp-block-spacer\"><\/div>\n\n\n\n<h3 class=\"wp-block-heading has-text-align-center has-neve-text-color-color has-text-color\">Bordeaux<\/h3>\n\n\n\n<p class=\"has-text-align-center has-neve-text-color-color has-text-color\">Ch\u00e2teau Ph\u00e9lan S\u00e9gur 2016, 2018, 2020, 2021, 2022<\/p>\n\n\n\n<p class=\"has-text-align-center has-neve-text-color-color has-text-color\">Ch\u00e2teau Lagrange 2018<\/p>\n\n\n\n<p class=\"has-text-align-center has-neve-text-color-color has-text-color\">Ch\u00e2teau Gloria 2019, 2021<\/p>\n\n\n\n<div class=\"wp-block-buttons is-content-justification-center is-layout-flex wp-container-core-buttons-is-layout-16018d1d wp-block-buttons-is-layout-flex\">\n<div class=\"wp-block-button is-style-primary\"><a class=\"wp-block-button__link wp-element-button\" href=\"mailto:info@getr\u00e4nke-garage.ch\" target=\"_blank\" rel=\"noreferrer noopener\">75cl Flasche &#8211; Auf Anfrage<\/a><\/div>\n<\/div>\n\n\n\n<div style=\"height:40px\" aria-hidden=\"true\" class=\"wp-block-spacer\"><\/div>\n<\/div>\n<\/div>\n\n\n\n<div style=\"height:40px\" aria-hidden=\"true\" class=\"wp-block-spacer\"><\/div>\n<\/div><\/div>\n<\/div><\/div>\n","protected":false},"excerpt":{"rendered":"","protected":false},"author":1,"featured_media":0,"parent":0,"menu_order":0,"comment_status":"closed","ping_status":"closed","template":"","meta":{"neve_meta_sidebar":"","neve_meta_container":"","neve_meta_enable_content_width":"on","neve_meta_content_width":100,"neve_meta_title_alignment":"","neve_meta_author_avatar":"","neve_post_elements_order":"","neve_meta_disable_header":"","neve_meta_disable_footer":"","neve_meta_disable_title":"on","footnotes":""},"class_list":["post-45","page","type-page","status-publish","hentry"],"yoast_head":"<!-- This site is optimized with the Yoast SEO plugin v26.2 - https:\/\/yoast.com\/wordpress\/plugins\/seo\/ -->\n<title>Getr\u00e4nke - Getr\u00e4nke Garage Biere Weine Gl\u00f6gg Blossa Annual<\/title>\n<meta name=\"description\" content=\"Craft Biere, erlesene Weine sowie Blossa Annual Gl\u00f6gg (Gl\u00fchwein) sind in unserem erlesenen Sortiment. Mit Hingabe hergestellt und ausgew\u00e4hlt.\" \/>\n<meta name=\"robots\" content=\"index, follow, max-snippet:-1, max-image-preview:large, max-video-preview:-1\" \/>\n<link rel=\"canonical\" href=\"https:\/\/www.xn--getrnke-garage-8hb.ch\/?page_id=45\" \/>\n<meta property=\"og:locale\" content=\"de_DE\" \/>\n<meta property=\"og:type\" content=\"article\" \/>\n<meta property=\"og:title\" content=\"Getr\u00e4nke - Getr\u00e4nke Garage Biere Weine Gl\u00f6gg Blossa Annual\" \/>\n<meta property=\"og:description\" content=\"Craft Biere, erlesene Weine sowie Blossa Annual Gl\u00f6gg (Gl\u00fchwein) sind in unserem erlesenen Sortiment. Mit Hingabe hergestellt und ausgew\u00e4hlt.\" \/>\n<meta property=\"og:url\" content=\"https:\/\/www.xn--getrnke-garage-8hb.ch\/?page_id=45\" \/>\n<meta property=\"og:site_name\" content=\"Getr\u00e4nke Garage\" \/>\n<meta property=\"article:modified_time\" content=\"2025-11-02T10:19:13+00:00\" \/>\n<meta property=\"og:image\" content=\"https:\/\/www.xn--getrnke-garage-8hb.ch\/wp-content\/uploads\/2025\/10\/Frohalde-ohne-Schrift.png\" \/>\n\t<meta property=\"og:image:width\" content=\"1176\" \/>\n\t<meta property=\"og:image:height\" content=\"596\" \/>\n\t<meta property=\"og:image:type\" content=\"image\/png\" \/>\n<meta name=\"twitter:card\" content=\"summary_large_image\" \/>\n<meta name=\"twitter:label1\" content=\"Gesch\u00e4tzte Lesezeit\" \/>\n\t<meta name=\"twitter:data1\" content=\"3\u00a0Minuten\" \/>\n<script type=\"application\/ld+json\" class=\"yoast-schema-graph\">{\"@context\":\"https:\/\/schema.org\",\"@graph\":[{\"@type\":\"WebPage\",\"@id\":\"https:\/\/www.xn--getrnke-garage-8hb.ch\/?page_id=45\",\"url\":\"https:\/\/www.xn--getrnke-garage-8hb.ch\/?page_id=45\",\"name\":\"Getr\u00e4nke - Getr\u00e4nke Garage Biere Weine Gl\u00f6gg Blossa Annual\",\"isPartOf\":{\"@id\":\"https:\/\/www.xn--getrnke-garage-8hb.ch\/#website\"},\"primaryImageOfPage\":{\"@id\":\"https:\/\/www.xn--getrnke-garage-8hb.ch\/?page_id=45#primaryimage\"},\"image\":{\"@id\":\"https:\/\/www.xn--getrnke-garage-8hb.ch\/?page_id=45#primaryimage\"},\"thumbnailUrl\":\"https:\/\/www.xn--getrnke-garage-8hb.ch\/wp-content\/uploads\/2025\/10\/Frohalde-ohne-Schrift-1024x519.png\",\"datePublished\":\"2024-04-01T17:23:53+00:00\",\"dateModified\":\"2025-11-02T10:19:13+00:00\",\"description\":\"Craft Biere, erlesene Weine sowie Blossa Annual Gl\u00f6gg (Gl\u00fchwein) sind in unserem erlesenen Sortiment. Mit Hingabe hergestellt und ausgew\u00e4hlt.\",\"breadcrumb\":{\"@id\":\"https:\/\/www.xn--getrnke-garage-8hb.ch\/?page_id=45#breadcrumb\"},\"inLanguage\":\"de-CH\",\"potentialAction\":[{\"@type\":\"ReadAction\",\"target\":[\"https:\/\/www.xn--getrnke-garage-8hb.ch\/?page_id=45\"]}]},{\"@type\":\"ImageObject\",\"inLanguage\":\"de-CH\",\"@id\":\"https:\/\/www.xn--getrnke-garage-8hb.ch\/?page_id=45#primaryimage\",\"url\":\"https:\/\/www.xn--getrnke-garage-8hb.ch\/wp-content\/uploads\/2025\/10\/Frohalde-ohne-Schrift.png\",\"contentUrl\":\"https:\/\/www.xn--getrnke-garage-8hb.ch\/wp-content\/uploads\/2025\/10\/Frohalde-ohne-Schrift.png\",\"width\":1176,\"height\":596},{\"@type\":\"BreadcrumbList\",\"@id\":\"https:\/\/www.xn--getrnke-garage-8hb.ch\/?page_id=45#breadcrumb\",\"itemListElement\":[{\"@type\":\"ListItem\",\"position\":1,\"name\":\"Startseite\",\"item\":\"https:\/\/www.xn--getrnke-garage-8hb.ch\/\"},{\"@type\":\"ListItem\",\"position\":2,\"name\":\"Getr\u00e4nke\"}]},{\"@type\":\"WebSite\",\"@id\":\"https:\/\/www.xn--getrnke-garage-8hb.ch\/#website\",\"url\":\"https:\/\/www.xn--getrnke-garage-8hb.ch\/\",\"name\":\"Getr\u00e4nke Garage\",\"description\":\"\",\"publisher\":{\"@id\":\"https:\/\/www.xn--getrnke-garage-8hb.ch\/#organization\"},\"potentialAction\":[{\"@type\":\"SearchAction\",\"target\":{\"@type\":\"EntryPoint\",\"urlTemplate\":\"https:\/\/www.xn--getrnke-garage-8hb.ch\/?s={search_term_string}\"},\"query-input\":{\"@type\":\"PropertyValueSpecification\",\"valueRequired\":true,\"valueName\":\"search_term_string\"}}],\"inLanguage\":\"de-CH\"},{\"@type\":\"Organization\",\"@id\":\"https:\/\/www.xn--getrnke-garage-8hb.ch\/#organization\",\"name\":\"Getr\u00e4nke Garage\",\"url\":\"https:\/\/www.xn--getrnke-garage-8hb.ch\/\",\"logo\":{\"@type\":\"ImageObject\",\"inLanguage\":\"de-CH\",\"@id\":\"https:\/\/www.xn--getrnke-garage-8hb.ch\/#\/schema\/logo\/image\/\",\"url\":\"https:\/\/www.xn--getrnke-garage-8hb.ch\/wp-content\/uploads\/2024\/04\/Color-logo-with-background.png\",\"contentUrl\":\"https:\/\/www.xn--getrnke-garage-8hb.ch\/wp-content\/uploads\/2024\/04\/Color-logo-with-background.png\",\"width\":3162,\"height\":1200,\"caption\":\"Getr\u00e4nke Garage\"},\"image\":{\"@id\":\"https:\/\/www.xn--getrnke-garage-8hb.ch\/#\/schema\/logo\/image\/\"}}]}<\/script>\n<!-- \/ Yoast SEO plugin. -->","yoast_head_json":{"title":"Getr\u00e4nke - Getr\u00e4nke Garage Biere Weine Gl\u00f6gg Blossa Annual","description":"Craft Biere, erlesene Weine sowie Blossa Annual Gl\u00f6gg (Gl\u00fchwein) sind in unserem erlesenen Sortiment. Mit Hingabe hergestellt und ausgew\u00e4hlt.","robots":{"index":"index","follow":"follow","max-snippet":"max-snippet:-1","max-image-preview":"max-image-preview:large","max-video-preview":"max-video-preview:-1"},"canonical":"https:\/\/www.xn--getrnke-garage-8hb.ch\/?page_id=45","og_locale":"de_DE","og_type":"article","og_title":"Getr\u00e4nke - Getr\u00e4nke Garage Biere Weine Gl\u00f6gg Blossa Annual","og_description":"Craft Biere, erlesene Weine sowie Blossa Annual Gl\u00f6gg (Gl\u00fchwein) sind in unserem erlesenen Sortiment. Mit Hingabe hergestellt und ausgew\u00e4hlt.","og_url":"https:\/\/www.xn--getrnke-garage-8hb.ch\/?page_id=45","og_site_name":"Getr\u00e4nke Garage","article_modified_time":"2025-11-02T10:19:13+00:00","og_image":[{"width":1176,"height":596,"url":"https:\/\/www.xn--getrnke-garage-8hb.ch\/wp-content\/uploads\/2025\/10\/Frohalde-ohne-Schrift.png","type":"image\/png"}],"twitter_card":"summary_large_image","twitter_misc":{"Gesch\u00e4tzte Lesezeit":"3\u00a0Minuten"},"schema":{"@context":"https:\/\/schema.org","@graph":[{"@type":"WebPage","@id":"https:\/\/www.xn--getrnke-garage-8hb.ch\/?page_id=45","url":"https:\/\/www.xn--getrnke-garage-8hb.ch\/?page_id=45","name":"Getr\u00e4nke - Getr\u00e4nke Garage Biere Weine Gl\u00f6gg Blossa Annual","isPartOf":{"@id":"https:\/\/www.xn--getrnke-garage-8hb.ch\/#website"},"primaryImageOfPage":{"@id":"https:\/\/www.xn--getrnke-garage-8hb.ch\/?page_id=45#primaryimage"},"image":{"@id":"https:\/\/www.xn--getrnke-garage-8hb.ch\/?page_id=45#primaryimage"},"thumbnailUrl":"https:\/\/www.xn--getrnke-garage-8hb.ch\/wp-content\/uploads\/2025\/10\/Frohalde-ohne-Schrift-1024x519.png","datePublished":"2024-04-01T17:23:53+00:00","dateModified":"2025-11-02T10:19:13+00:00","description":"Craft Biere, erlesene Weine sowie Blossa Annual Gl\u00f6gg (Gl\u00fchwein) sind in unserem erlesenen Sortiment. Mit Hingabe hergestellt und ausgew\u00e4hlt.","breadcrumb":{"@id":"https:\/\/www.xn--getrnke-garage-8hb.ch\/?page_id=45#breadcrumb"},"inLanguage":"de-CH","potentialAction":[{"@type":"ReadAction","target":["https:\/\/www.xn--getrnke-garage-8hb.ch\/?page_id=45"]}]},{"@type":"ImageObject","inLanguage":"de-CH","@id":"https:\/\/www.xn--getrnke-garage-8hb.ch\/?page_id=45#primaryimage","url":"https:\/\/www.xn--getrnke-garage-8hb.ch\/wp-content\/uploads\/2025\/10\/Frohalde-ohne-Schrift.png","contentUrl":"https:\/\/www.xn--getrnke-garage-8hb.ch\/wp-content\/uploads\/2025\/10\/Frohalde-ohne-Schrift.png","width":1176,"height":596},{"@type":"BreadcrumbList","@id":"https:\/\/www.xn--getrnke-garage-8hb.ch\/?page_id=45#breadcrumb","itemListElement":[{"@type":"ListItem","position":1,"name":"Startseite","item":"https:\/\/www.xn--getrnke-garage-8hb.ch\/"},{"@type":"ListItem","position":2,"name":"Getr\u00e4nke"}]},{"@type":"WebSite","@id":"https:\/\/www.xn--getrnke-garage-8hb.ch\/#website","url":"https:\/\/www.xn--getrnke-garage-8hb.ch\/","name":"Getr\u00e4nke Garage","description":"","publisher":{"@id":"https:\/\/www.xn--getrnke-garage-8hb.ch\/#organization"},"potentialAction":[{"@type":"SearchAction","target":{"@type":"EntryPoint","urlTemplate":"https:\/\/www.xn--getrnke-garage-8hb.ch\/?s={search_term_string}"},"query-input":{"@type":"PropertyValueSpecification","valueRequired":true,"valueName":"search_term_string"}}],"inLanguage":"de-CH"},{"@type":"Organization","@id":"https:\/\/www.xn--getrnke-garage-8hb.ch\/#organization","name":"Getr\u00e4nke Garage","url":"https:\/\/www.xn--getrnke-garage-8hb.ch\/","logo":{"@type":"ImageObject","inLanguage":"de-CH","@id":"https:\/\/www.xn--getrnke-garage-8hb.ch\/#\/schema\/logo\/image\/","url":"https:\/\/www.xn--getrnke-garage-8hb.ch\/wp-content\/uploads\/2024\/04\/Color-logo-with-background.png","contentUrl":"https:\/\/www.xn--getrnke-garage-8hb.ch\/wp-content\/uploads\/2024\/04\/Color-logo-with-background.png","width":3162,"height":1200,"caption":"Getr\u00e4nke Garage"},"image":{"@id":"https:\/\/www.xn--getrnke-garage-8hb.ch\/#\/schema\/logo\/image\/"}}]}},"_links":{"self":[{"href":"https:\/\/www.xn--getrnke-garage-8hb.ch\/index.php?rest_route=\/wp\/v2\/pages\/45","targetHints":{"allow":["GET"]}}],"collection":[{"href":"https:\/\/www.xn--getrnke-garage-8hb.ch\/index.php?rest_route=\/wp\/v2\/pages"}],"about":[{"href":"https:\/\/www.xn--getrnke-garage-8hb.ch\/index.php?rest_route=\/wp\/v2\/types\/page"}],"author":[{"embeddable":true,"href":"https:\/\/www.xn--getrnke-garage-8hb.ch\/index.php?rest_route=\/wp\/v2\/users\/1"}],"replies":[{"embeddable":true,"href":"https:\/\/www.xn--getrnke-garage-8hb.ch\/index.php?rest_route=%2Fwp%2Fv2%2Fcomments&post=45"}],"version-history":[{"count":28,"href":"https:\/\/www.xn--getrnke-garage-8hb.ch\/index.php?rest_route=\/wp\/v2\/pages\/45\/revisions"}],"predecessor-version":[{"id":348,"href":"https:\/\/www.xn--getrnke-garage-8hb.ch\/index.php?rest_route=\/wp\/v2\/pages\/45\/revisions\/348"}],"wp:attachment":[{"href":"https:\/\/www.xn--getrnke-garage-8hb.ch\/index.php?rest_route=%2Fwp%2Fv2%2Fmedia&parent=45"}],"curies":[{"name":"wp","href":"https:\/\/api.w.org\/{rel}","templated":true}]}}