{"id":46,"date":"2024-04-01T18:23:53","date_gmt":"2024-04-01T17:23:53","guid":{"rendered":"https:\/\/www.xn--getrnke-garage-8hb.ch\/?page_id=46"},"modified":"2025-05-29T07:38:13","modified_gmt":"2025-05-29T06:38:13","slug":"brauerei","status":"publish","type":"page","link":"https:\/\/www.xn--getrnke-garage-8hb.ch\/?page_id=46","title":{"rendered":"Brauerei"},"content":{"rendered":"\n<div class=\"wp-block-cover alignfull is-light\" style=\"min-height:150px;aspect-ratio:unset;\"><span aria-hidden=\"true\" class=\"wp-block-cover__background has-nv-site-bg-background-color has-background-dim-100 has-background-dim\"><\/span><div class=\"wp-block-cover__inner-container is-layout-flow wp-block-cover-is-layout-flow\">\n<div class=\"wp-block-group\"><div class=\"wp-block-group__inner-container is-layout-flow wp-block-group-is-layout-flow\">\n<h1 class=\"wp-block-heading has-text-align-left has-neve-text-color-color has-text-color\">Brauerei<\/h1>\n\n\n\n<p class=\"has-neve-text-color-color has-text-color\" style=\"font-size:22px\">Eine der \u00e4ltesten und kleinsten Brauereien in der Schweiz.<\/p>\n<\/div><\/div>\n<\/div><\/div>\n\n\n\n<div class=\"wp-block-cover alignfull is-light\" style=\"min-height:600px;aspect-ratio:unset;\"><span aria-hidden=\"true\" class=\"wp-block-cover__background has-nv-light-bg-background-color has-background-dim-100 has-background-dim\"><\/span><div class=\"wp-block-cover__inner-container is-layout-flow wp-block-cover-is-layout-flow\">\n<div class=\"wp-block-group\"><div class=\"wp-block-group__inner-container is-layout-flow wp-block-group-is-layout-flow\">\n<div class=\"wp-block-columns is-layout-flex wp-container-core-columns-is-layout-9d6595d7 wp-block-columns-is-layout-flex\">\n<div class=\"wp-block-column is-layout-flow wp-block-column-is-layout-flow\" style=\"flex-basis:66.79%\">\n<figure class=\"wp-block-image size-full\"><img loading=\"lazy\" decoding=\"async\" width=\"500\" height=\"500\" src=\"https:\/\/www.xn--getrnke-garage-8hb.ch\/wp-content\/uploads\/2024\/05\/Brauanlage-futuristisch.png\" alt=\"\" class=\"wp-image-219\" srcset=\"https:\/\/www.xn--getrnke-garage-8hb.ch\/wp-content\/uploads\/2024\/05\/Brauanlage-futuristisch.png 500w, https:\/\/www.xn--getrnke-garage-8hb.ch\/wp-content\/uploads\/2024\/05\/Brauanlage-futuristisch-300x300.png 300w, https:\/\/www.xn--getrnke-garage-8hb.ch\/wp-content\/uploads\/2024\/05\/Brauanlage-futuristisch-150x150.png 150w\" sizes=\"auto, (max-width: 500px) 100vw, 500px\" \/><\/figure>\n\n\n\n<div style=\"height:100px\" aria-hidden=\"true\" class=\"wp-block-spacer\"><\/div>\n<\/div>\n\n\n\n<div class=\"wp-block-column is-layout-flow wp-block-column-is-layout-flow\" style=\"flex-basis:34%\">\n<p class=\"has-neve-text-color-color has-text-color\">Was im Jahr 2003 begann, besteht heute immer noch. Nur ein bisschen anders, ein weniger gr\u00f6sser und doch immer noch winzig klein. Muschtibr\u00e4u war der Anfang und weiter geht es mit der Getr\u00e4nke Garage. <\/p>\n\n\n\n<p class=\"has-neve-text-color-color has-text-color\">Craftbrew aus einem anderen Universum, doch wie brauen wir wirklich? Finde es selber raus.<\/p>\n\n\n\n<div class=\"wp-block-buttons is-layout-flex wp-block-buttons-is-layout-flex\">\n<div class=\"wp-block-button is-style-primary\"><a class=\"wp-block-button__link wp-element-button\" href=\"http:\/\/www.muschtibr\u00e4u.ch\">ZUR BRAUEREI<\/a><\/div>\n<\/div>\n\n\n\n<div style=\"height:25px\" aria-hidden=\"true\" class=\"wp-block-spacer\"><\/div>\n\n\n\n<hr class=\"wp-block-separator has-css-opacity has-text-color has-neve-text-color-color has-neve-text-color-background-color has-background is-style-default\"\/>\n\n\n\n<div style=\"height:25px\" aria-hidden=\"true\" class=\"wp-block-spacer\"><\/div>\n\n\n\n<p class=\"has-neve-text-color-color has-text-color\">\u201dBier ist der \u00fcberzeugendste Beweis daf\u00fcr, dass Gott den Menschen liebt und ihn gl\u00fccklich sehen will.\u201d<\/p>\n\n\n\n<p class=\"has-neve-text-color-color has-text-color\">Benjamin Franklin<\/p>\n<\/div>\n<\/div>\n<\/div><\/div>\n<\/div><\/div>\n\n\n\n<div class=\"wp-block-cover alignfull is-light\" style=\"min-height:300px;aspect-ratio:unset;\"><span aria-hidden=\"true\" class=\"wp-block-cover__background has-nv-dark-bg-background-color has-background-dim-100 has-background-dim\"><\/span><div class=\"wp-block-cover__inner-container is-layout-flow wp-block-cover-is-layout-flow\">\n<div style=\"height:30px\" aria-hidden=\"true\" class=\"wp-block-spacer\"><\/div>\n\n\n\n<h2 class=\"wp-block-heading has-text-align-center has-nv-text-dark-bg-color has-text-color\">Besuche uns in der Brauerei<\/h2>\n\n\n\n<p class=\"has-text-align-center has-nv-text-dark-bg-color has-text-color has-link-color has-medium-font-size wp-elements-1a527984c71d58aac878ea724cbe4a1c\">Wir freuen uns<\/p>\n\n\n\n<div class=\"wp-block-buttons is-content-justification-center is-layout-flex wp-container-core-buttons-is-layout-16018d1d wp-block-buttons-is-layout-flex\">\n<div class=\"wp-block-button is-style-primary\"><a class=\"wp-block-button__link wp-element-button\" href=\"http:\/\/www.muschtibr\u00e4u.ch\">ZUR BRAUEREI<\/a><\/div>\n<\/div>\n\n\n\n<div style=\"height:30px\" aria-hidden=\"true\" class=\"wp-block-spacer\"><\/div>\n<\/div><\/div>\n","protected":false},"excerpt":{"rendered":"","protected":false},"author":1,"featured_media":0,"parent":0,"menu_order":0,"comment_status":"closed","ping_status":"closed","template":"","meta":{"neve_meta_sidebar":"","neve_meta_container":"","neve_meta_enable_content_width":"on","neve_meta_content_width":100,"neve_meta_title_alignment":"","neve_meta_author_avatar":"","neve_post_elements_order":"","neve_meta_disable_header":"","neve_meta_disable_footer":"","neve_meta_disable_title":"on","footnotes":""},"class_list":["post-46","page","type-page","status-publish","hentry"],"yoast_head":"<!-- This site is optimized with the Yoast SEO plugin v26.2 - https:\/\/yoast.com\/wordpress\/plugins\/seo\/ -->\n<title>Brauerei - Getr\u00e4nke Garage<\/title>\n<meta name=\"description\" content=\"Eine der \u00e4ltesten und kleinsten Brauereien in der Schweiz. Craftbrew seit 2003. Besuche unsere Brauerei und finde es selber heraus.\" \/>\n<meta name=\"robots\" content=\"index, follow, max-snippet:-1, max-image-preview:large, max-video-preview:-1\" \/>\n<link rel=\"canonical\" href=\"https:\/\/www.xn--getrnke-garage-8hb.ch\/?page_id=46\" \/>\n<meta property=\"og:locale\" content=\"de_DE\" \/>\n<meta property=\"og:type\" content=\"article\" \/>\n<meta property=\"og:title\" content=\"Brauerei - Getr\u00e4nke Garage\" \/>\n<meta property=\"og:description\" content=\"Eine der \u00e4ltesten und kleinsten Brauereien in der Schweiz. Craftbrew seit 2003. Besuche unsere Brauerei und finde es selber heraus.\" \/>\n<meta property=\"og:url\" content=\"https:\/\/www.xn--getrnke-garage-8hb.ch\/?page_id=46\" \/>\n<meta property=\"og:site_name\" content=\"Getr\u00e4nke Garage\" \/>\n<meta property=\"article:modified_time\" content=\"2025-05-29T06:38:13+00:00\" \/>\n<meta property=\"og:image\" content=\"https:\/\/www.xn--getrnke-garage-8hb.ch\/wp-content\/uploads\/2024\/05\/Brauanlage-futuristisch.png\" \/>\n\t<meta property=\"og:image:width\" content=\"500\" \/>\n\t<meta property=\"og:image:height\" content=\"500\" \/>\n\t<meta property=\"og:image:type\" content=\"image\/png\" \/>\n<meta name=\"twitter:card\" content=\"summary_large_image\" \/>\n<meta name=\"twitter:label1\" content=\"Gesch\u00e4tzte Lesezeit\" \/>\n\t<meta name=\"twitter:data1\" content=\"1\u00a0Minute\" \/>\n<script type=\"application\/ld+json\" class=\"yoast-schema-graph\">{\"@context\":\"https:\/\/schema.org\",\"@graph\":[{\"@type\":\"WebPage\",\"@id\":\"https:\/\/www.xn--getrnke-garage-8hb.ch\/?page_id=46\",\"url\":\"https:\/\/www.xn--getrnke-garage-8hb.ch\/?page_id=46\",\"name\":\"Brauerei - Getr\u00e4nke Garage\",\"isPartOf\":{\"@id\":\"https:\/\/www.xn--getrnke-garage-8hb.ch\/#website\"},\"primaryImageOfPage\":{\"@id\":\"https:\/\/www.xn--getrnke-garage-8hb.ch\/?page_id=46#primaryimage\"},\"image\":{\"@id\":\"https:\/\/www.xn--getrnke-garage-8hb.ch\/?page_id=46#primaryimage\"},\"thumbnailUrl\":\"https:\/\/www.xn--getrnke-garage-8hb.ch\/wp-content\/uploads\/2024\/05\/Brauanlage-futuristisch.png\",\"datePublished\":\"2024-04-01T17:23:53+00:00\",\"dateModified\":\"2025-05-29T06:38:13+00:00\",\"description\":\"Eine der \u00e4ltesten und kleinsten Brauereien in der Schweiz. Craftbrew seit 2003. Besuche unsere Brauerei und finde es selber heraus.\",\"breadcrumb\":{\"@id\":\"https:\/\/www.xn--getrnke-garage-8hb.ch\/?page_id=46#breadcrumb\"},\"inLanguage\":\"de-CH\",\"potentialAction\":[{\"@type\":\"ReadAction\",\"target\":[\"https:\/\/www.xn--getrnke-garage-8hb.ch\/?page_id=46\"]}]},{\"@type\":\"ImageObject\",\"inLanguage\":\"de-CH\",\"@id\":\"https:\/\/www.xn--getrnke-garage-8hb.ch\/?page_id=46#primaryimage\",\"url\":\"https:\/\/www.xn--getrnke-garage-8hb.ch\/wp-content\/uploads\/2024\/05\/Brauanlage-futuristisch.png\",\"contentUrl\":\"https:\/\/www.xn--getrnke-garage-8hb.ch\/wp-content\/uploads\/2024\/05\/Brauanlage-futuristisch.png\",\"width\":500,\"height\":500,\"caption\":\"Die KI Brauerei\"},{\"@type\":\"BreadcrumbList\",\"@id\":\"https:\/\/www.xn--getrnke-garage-8hb.ch\/?page_id=46#breadcrumb\",\"itemListElement\":[{\"@type\":\"ListItem\",\"position\":1,\"name\":\"Startseite\",\"item\":\"https:\/\/www.xn--getrnke-garage-8hb.ch\/\"},{\"@type\":\"ListItem\",\"position\":2,\"name\":\"Brauerei\"}]},{\"@type\":\"WebSite\",\"@id\":\"https:\/\/www.xn--getrnke-garage-8hb.ch\/#website\",\"url\":\"https:\/\/www.xn--getrnke-garage-8hb.ch\/\",\"name\":\"Getr\u00e4nke Garage\",\"description\":\"\",\"publisher\":{\"@id\":\"https:\/\/www.xn--getrnke-garage-8hb.ch\/#organization\"},\"potentialAction\":[{\"@type\":\"SearchAction\",\"target\":{\"@type\":\"EntryPoint\",\"urlTemplate\":\"https:\/\/www.xn--getrnke-garage-8hb.ch\/?s={search_term_string}\"},\"query-input\":{\"@type\":\"PropertyValueSpecification\",\"valueRequired\":true,\"valueName\":\"search_term_string\"}}],\"inLanguage\":\"de-CH\"},{\"@type\":\"Organization\",\"@id\":\"https:\/\/www.xn--getrnke-garage-8hb.ch\/#organization\",\"name\":\"Getr\u00e4nke Garage\",\"url\":\"https:\/\/www.xn--getrnke-garage-8hb.ch\/\",\"logo\":{\"@type\":\"ImageObject\",\"inLanguage\":\"de-CH\",\"@id\":\"https:\/\/www.xn--getrnke-garage-8hb.ch\/#\/schema\/logo\/image\/\",\"url\":\"https:\/\/www.xn--getrnke-garage-8hb.ch\/wp-content\/uploads\/2024\/04\/Color-logo-with-background.png\",\"contentUrl\":\"https:\/\/www.xn--getrnke-garage-8hb.ch\/wp-content\/uploads\/2024\/04\/Color-logo-with-background.png\",\"width\":3162,\"height\":1200,\"caption\":\"Getr\u00e4nke Garage\"},\"image\":{\"@id\":\"https:\/\/www.xn--getrnke-garage-8hb.ch\/#\/schema\/logo\/image\/\"}}]}<\/script>\n<!-- \/ Yoast SEO plugin. -->","yoast_head_json":{"title":"Brauerei - Getr\u00e4nke Garage","description":"Eine der \u00e4ltesten und kleinsten Brauereien in der Schweiz. Craftbrew seit 2003. Besuche unsere Brauerei und finde es selber heraus.","robots":{"index":"index","follow":"follow","max-snippet":"max-snippet:-1","max-image-preview":"max-image-preview:large","max-video-preview":"max-video-preview:-1"},"canonical":"https:\/\/www.xn--getrnke-garage-8hb.ch\/?page_id=46","og_locale":"de_DE","og_type":"article","og_title":"Brauerei - Getr\u00e4nke Garage","og_description":"Eine der \u00e4ltesten und kleinsten Brauereien in der Schweiz. Craftbrew seit 2003. Besuche unsere Brauerei und finde es selber heraus.","og_url":"https:\/\/www.xn--getrnke-garage-8hb.ch\/?page_id=46","og_site_name":"Getr\u00e4nke Garage","article_modified_time":"2025-05-29T06:38:13+00:00","og_image":[{"width":500,"height":500,"url":"https:\/\/www.xn--getrnke-garage-8hb.ch\/wp-content\/uploads\/2024\/05\/Brauanlage-futuristisch.png","type":"image\/png"}],"twitter_card":"summary_large_image","twitter_misc":{"Gesch\u00e4tzte Lesezeit":"1\u00a0Minute"},"schema":{"@context":"https:\/\/schema.org","@graph":[{"@type":"WebPage","@id":"https:\/\/www.xn--getrnke-garage-8hb.ch\/?page_id=46","url":"https:\/\/www.xn--getrnke-garage-8hb.ch\/?page_id=46","name":"Brauerei - Getr\u00e4nke Garage","isPartOf":{"@id":"https:\/\/www.xn--getrnke-garage-8hb.ch\/#website"},"primaryImageOfPage":{"@id":"https:\/\/www.xn--getrnke-garage-8hb.ch\/?page_id=46#primaryimage"},"image":{"@id":"https:\/\/www.xn--getrnke-garage-8hb.ch\/?page_id=46#primaryimage"},"thumbnailUrl":"https:\/\/www.xn--getrnke-garage-8hb.ch\/wp-content\/uploads\/2024\/05\/Brauanlage-futuristisch.png","datePublished":"2024-04-01T17:23:53+00:00","dateModified":"2025-05-29T06:38:13+00:00","description":"Eine der \u00e4ltesten und kleinsten Brauereien in der Schweiz. Craftbrew seit 2003. Besuche unsere Brauerei und finde es selber heraus.","breadcrumb":{"@id":"https:\/\/www.xn--getrnke-garage-8hb.ch\/?page_id=46#breadcrumb"},"inLanguage":"de-CH","potentialAction":[{"@type":"ReadAction","target":["https:\/\/www.xn--getrnke-garage-8hb.ch\/?page_id=46"]}]},{"@type":"ImageObject","inLanguage":"de-CH","@id":"https:\/\/www.xn--getrnke-garage-8hb.ch\/?page_id=46#primaryimage","url":"https:\/\/www.xn--getrnke-garage-8hb.ch\/wp-content\/uploads\/2024\/05\/Brauanlage-futuristisch.png","contentUrl":"https:\/\/www.xn--getrnke-garage-8hb.ch\/wp-content\/uploads\/2024\/05\/Brauanlage-futuristisch.png","width":500,"height":500,"caption":"Die KI Brauerei"},{"@type":"BreadcrumbList","@id":"https:\/\/www.xn--getrnke-garage-8hb.ch\/?page_id=46#breadcrumb","itemListElement":[{"@type":"ListItem","position":1,"name":"Startseite","item":"https:\/\/www.xn--getrnke-garage-8hb.ch\/"},{"@type":"ListItem","position":2,"name":"Brauerei"}]},{"@type":"WebSite","@id":"https:\/\/www.xn--getrnke-garage-8hb.ch\/#website","url":"https:\/\/www.xn--getrnke-garage-8hb.ch\/","name":"Getr\u00e4nke Garage","description":"","publisher":{"@id":"https:\/\/www.xn--getrnke-garage-8hb.ch\/#organization"},"potentialAction":[{"@type":"SearchAction","target":{"@type":"EntryPoint","urlTemplate":"https:\/\/www.xn--getrnke-garage-8hb.ch\/?s={search_term_string}"},"query-input":{"@type":"PropertyValueSpecification","valueRequired":true,"valueName":"search_term_string"}}],"inLanguage":"de-CH"},{"@type":"Organization","@id":"https:\/\/www.xn--getrnke-garage-8hb.ch\/#organization","name":"Getr\u00e4nke Garage","url":"https:\/\/www.xn--getrnke-garage-8hb.ch\/","logo":{"@type":"ImageObject","inLanguage":"de-CH","@id":"https:\/\/www.xn--getrnke-garage-8hb.ch\/#\/schema\/logo\/image\/","url":"https:\/\/www.xn--getrnke-garage-8hb.ch\/wp-content\/uploads\/2024\/04\/Color-logo-with-background.png","contentUrl":"https:\/\/www.xn--getrnke-garage-8hb.ch\/wp-content\/uploads\/2024\/04\/Color-logo-with-background.png","width":3162,"height":1200,"caption":"Getr\u00e4nke Garage"},"image":{"@id":"https:\/\/www.xn--getrnke-garage-8hb.ch\/#\/schema\/logo\/image\/"}}]}},"_links":{"self":[{"href":"https:\/\/www.xn--getrnke-garage-8hb.ch\/index.php?rest_route=\/wp\/v2\/pages\/46","targetHints":{"allow":["GET"]}}],"collection":[{"href":"https:\/\/www.xn--getrnke-garage-8hb.ch\/index.php?rest_route=\/wp\/v2\/pages"}],"about":[{"href":"https:\/\/www.xn--getrnke-garage-8hb.ch\/index.php?rest_route=\/wp\/v2\/types\/page"}],"author":[{"embeddable":true,"href":"https:\/\/www.xn--getrnke-garage-8hb.ch\/index.php?rest_route=\/wp\/v2\/users\/1"}],"replies":[{"embeddable":true,"href":"https:\/\/www.xn--getrnke-garage-8hb.ch\/index.php?rest_route=%2Fwp%2Fv2%2Fcomments&post=46"}],"version-history":[{"count":11,"href":"https:\/\/www.xn--getrnke-garage-8hb.ch\/index.php?rest_route=\/wp\/v2\/pages\/46\/revisions"}],"predecessor-version":[{"id":253,"href":"https:\/\/www.xn--getrnke-garage-8hb.ch\/index.php?rest_route=\/wp\/v2\/pages\/46\/revisions\/253"}],"wp:attachment":[{"href":"https:\/\/www.xn--getrnke-garage-8hb.ch\/index.php?rest_route=%2Fwp%2Fv2%2Fmedia&parent=46"}],"curies":[{"name":"wp","href":"https:\/\/api.w.org\/{rel}","templated":true}]}}